{"id":943,"date":"2013-11-20T12:59:37","date_gmt":"2013-11-20T11:59:37","guid":{"rendered":"http:\/\/covenorte.es\/?page_id=943"},"modified":"2016-04-27T19:03:24","modified_gmt":"2016-04-27T17:03:24","slug":"reduccion-de-costes-de-impresion","status":"publish","type":"page","link":"https:\/\/covenorte.es\/?page_id=943","title":{"rendered":"REDUCCION DE COSTES DE IMPRESION"},"content":{"rendered":"<h1><!--[if gte mso 9]><xml>\n<w:WordDocument>\n<w:View>Normal<\/w:View>\n<w:Zoom>0<\/w:Zoom>\n<w:HyphenationZone>21<\/w:HyphenationZone>\n<w:PunctuationKerning\/>\n<w:ValidateAgainstSchemas\/>\n<w:SaveIfXMLInvalid>false<\/w:SaveIfXMLInvalid>\n<w:IgnoreMixedContent>false<\/w:IgnoreMixedContent>\n<w:AlwaysShowPlaceholderText>false<\/w:AlwaysShowPlaceholderText>\n<w:Compatibility>\n<w:BreakWrappedTables\/>\n<w:SnapToGridInCell\/>\n<w:WrapTextWithPunct\/>\n<w:UseAsianBreakRules\/>\n<w:DontGrowAutofit\/>\n<\/w:Compatibility>\n<w:BrowserLevel>MicrosoftInternetExplorer4<\/w:BrowserLevel>\n<\/w:WordDocument>\n<\/xml><![endif]--><\/h1>\n<p><!--[if gte mso 9]><xml>\n<w:LatentStyles DefLockedState=\"false\" LatentStyleCount=\"156\">\n<\/w:LatentStyles>\n<\/xml><![endif]--><!--[if gte mso 10]>\n\n\n\n<style>\n \/* Style Definitions *\/\n table.MsoNormalTable\n\t{mso-style-name:\"Tabla normal\";\n\tmso-tstyle-rowband-size:0;\n\tmso-tstyle-colband-size:0;\n\tmso-style-noshow:yes;\n\tmso-style-parent:\"\";\n\tmso-padding-alt:0cm 5.4pt 0cm 5.4pt;\n\tmso-para-margin:0cm;\n\tmso-para-margin-bottom:.0001pt;\n\tmso-pagination:widow-orphan;\n\tfont-size:10.0pt;\n\tfont-family:\"Times New Roman\";\n\tmso-ansi-language:#0400;\n\tmso-fareast-language:#0400;\n\tmso-bidi-language:#0400;}\n<\/style>\n\n<![endif]--><span style=\"font-size: 10.5pt; font-family: Arial;\">Calcule <a href=\"http:\/\/www.toshibatec-eu.es\/Spain\/es\/productos\/impresoras\/reduccion-costes-b-ex4\/\" target=\"_blank\">aqui mismo<\/a> el ahorro que puede obtener al trabajar con Toshiba y si tiene dudas o necesita ayuda pongase en contacto con <a href=\"https:\/\/covenorte.es\/?page_id=13 \" target=\"_blank\">nosotros<\/a><\/span><\/p>\n<p><a href=\"https:\/\/covenorte.es\/wp-content\/uploads\/2012\/03\/B-EX4_reduccion_costes_animado.gif\"><img loading=\"lazy\" class=\"size-full wp-image-1100 alignleft\" alt=\"B-EX4_reduccion_costes_animado\" src=\"https:\/\/covenorte.es\/wp-content\/uploads\/2012\/03\/B-EX4_reduccion_costes_animado.gif\" width=\"595\" height=\"100\" \/><\/a><\/p>\n<p>&nbsp;<\/p>\n<p>&nbsp;<\/p>\n<h5><\/h5>\n<h5><\/h5>\n<h5><strong><\/strong>PUNTOS CLAVE PARA EL C\u00c1LCULO DE<\/h5>\n<h5>REDUCCI\u00d3N DE COSTES DE IMPRESI\u00d3N<\/h5>\n<p><strong><\/strong>La mejor elecci\u00f3n para adquirir una impresora pasa por tener en cuenta una serie de factores<\/p>\n<p>clave que aseguren la reducci\u00f3n de costes de impresi\u00f3n, e incrementen la productividad de su<\/p>\n<p>negocio.<\/p>\n<p>En la siguiente tabla se muestran los puntos claves donde la tecnolog\u00eda Toshiba le ayuda a<\/p>\n<p>conseguir una gesti\u00f3n de impresi\u00f3n con m\u00e1xima eficiencia.<\/p>\n<p>&nbsp;<\/p>\n<p><b>Cabezales de impresi\u00f3n:<\/b><\/p>\n<p>M\u00e1xima vida \u00fatil y menor coste por Km<\/p>\n<p><b>Emulaci\u00f3n:<\/b><\/p>\n<p>Compatibilidad programaci\u00f3n con otras impresoras<\/p>\n<div>\n<p>y\/o incorporaci\u00f3n de valores propios y\/o<\/p>\n<p>modificaciones del dise\u00f1o de etiqueta<\/p>\n<\/div>\n<p><b>Ahorrador de Ribbon:<\/b><\/p>\n<p>EX4 T1 (TT) Reducci\u00f3n del consumo de ribbon<\/p>\n<div>\n<p>EX4 T1 (TT\/TD) Reducci\u00f3n del desgaste de cabezal<\/p>\n<p>EX4 T1 (TT) Eliminaci\u00f3n de p\u00e9rdida de etiquetas por calibrado autom\u00e1tico con retroceso de papel<\/p>\n<\/div>\n<p><b>M\u00e1xima autonomia de ribbon:<\/b><\/p>\n<p>EX4T1 (800m) &#8211; EX4T2 (600m) Reducci\u00f3n de tiempos de<\/p>\n<div>\n<p>parada por mayor autonom\u00eda. Increment\u00e1ndose la reducci\u00f3n<\/p>\n<p>de tiempo por la minimizaci\u00f3n de errores en el cambio por<\/p>\n<p>su f\u00e1cil utilizaci\u00f3n y mantenimiento<\/p>\n<\/div>\n<p><b>M\u00e1xima velocidad:<\/b><\/p>\n<p><b>\u00a0<\/b>EX4 T1 (14 pps) &#8211; EX4 T2 (12 pps)<\/p>\n<div>\n<p>Mayor productividad Menor tiempo de ejecuci\u00f3n<\/p>\n<\/div>\n<p><b>\u00a0Energy Star:<\/b><\/p>\n<p>Reducci\u00f3n gastos generales de la compa\u00f1\u00eda (consumo el\u00e9ctrico)<\/p>\n<div>\n<p>Aplicaci\u00f3n de ECOtecnolog\u00eda (gesti\u00f3n \u00f3ptima de los recursos)<\/p>\n<\/div>\n","protected":false},"excerpt":{"rendered":"<p>Calcule aqui mismo el ahorro que puede obtener al trabajar con Toshiba y si tiene dudas o necesita ayuda pongase en contacto con nosotros &nbsp; &nbsp; PUNTOS CLAVE PARA EL C\u00c1LCULO DE REDUCCI\u00d3N DE COSTES DE IMPRESI\u00d3N La mejor elecci\u00f3n para adquirir una impresora pasa por tener en cuenta una serie de factores clave que [&hellip;]<\/p>\n","protected":false},"author":2,"featured_media":0,"parent":0,"menu_order":0,"comment_status":"open","ping_status":"open","template":"","meta":[],"aioseo_notices":[],"_links":{"self":[{"href":"https:\/\/covenorte.es\/index.php?rest_route=\/wp\/v2\/pages\/943"}],"collection":[{"href":"https:\/\/covenorte.es\/index.php?rest_route=\/wp\/v2\/pages"}],"about":[{"href":"https:\/\/covenorte.es\/index.php?rest_route=\/wp\/v2\/types\/page"}],"author":[{"embeddable":true,"href":"https:\/\/covenorte.es\/index.php?rest_route=\/wp\/v2\/users\/2"}],"replies":[{"embeddable":true,"href":"https:\/\/covenorte.es\/index.php?rest_route=%2Fwp%2Fv2%2Fcomments&post=943"}],"version-history":[{"count":19,"href":"https:\/\/covenorte.es\/index.php?rest_route=\/wp\/v2\/pages\/943\/revisions"}],"predecessor-version":[{"id":1103,"href":"https:\/\/covenorte.es\/index.php?rest_route=\/wp\/v2\/pages\/943\/revisions\/1103"}],"wp:attachment":[{"href":"https:\/\/covenorte.es\/index.php?rest_route=%2Fwp%2Fv2%2Fmedia&parent=943"}],"curies":[{"name":"wp","href":"https:\/\/api.w.org\/{rel}","templated":true}]}}