{"id":834,"date":"2013-05-20T15:33:34","date_gmt":"2013-05-20T15:33:34","guid":{"rendered":"http:\/\/covenorte.es\/?page_id=834"},"modified":"2019-03-18T14:01:26","modified_gmt":"2019-03-18T13:01:26","slug":"soporte","status":"publish","type":"page","link":"https:\/\/covenorte.es\/?page_id=834","title":{"rendered":"SOPORTE"},"content":{"rendered":"<p style=\"text-align: center;\"><img src=\"https:\/\/covenorte.es\/wp-content\/uploads\/2012\/03\/Servicios-300x192.png\" alt=\"\" \/><\/p>\n<p style=\"text-align: center;\">P\u00f3ngase en contacto con nuestros t\u00e9cnicos y:<\/p>\n<p style=\"text-align: center;\"><a href=\"http:\/\/covenorte.com\/ConectarCoveNorte2018Ampliado.exe\"><span style=\"font-size: x-large;\">Pulse aqu\u00ed para Conectar con CoveNorte<\/span><\/a><\/p>\n<p style=\"text-align: center;\"><strong>Otras versiones:<\/strong><\/p>\n<p style=\"text-align: center;\"><a href=\"http:\/\/covenorte.com\/ConectarCoveNorteUAC.exe\"><span style=\"font-size: small;\"><span style=\"color: #009000;\">Conectar con CoveNorte (Versi\u00f3n UAC)<\/span><\/span><\/a><\/p>\n<p style=\"text-align: center;\"><a href=\"http:\/\/covenorte.com\/ConectarCoveNorte2015.exe\"><span style=\"font-size: small;\"><span style=\"color: #009000;\">Conectar con CoveNorte (Versi\u00f3n 2015)<\/span><\/span><\/a><\/p>\n<p style=\"text-align: center;\"><a href=\"http:\/\/covenorte.com\/ConectarCoveNorte2011.exe\"><span style=\"font-size: small;\"><span style=\"color: #009000;\">Conectar con CoveNorte (Versi\u00f3n 2011)<\/span><\/span><\/a><\/p>\n<p style=\"text-align: center;\"><a href=\"http:\/\/covenorte.com\/ConectarCoveNorte2009.exe\"><span style=\"font-size: small;\"><span style=\"color: #009000;\">Conectar con CoveNorte (Versi\u00f3n 2009)<\/span><\/span><\/a><\/p>\n<p style=\"text-align: center;\"><a href=\"http:\/\/covenorte.com\/ConectarCoveNorteV1.exe\"><span style=\"font-size: small;\"><span style=\"color: #009000;\">Conectar con CoveNorte (Versi\u00f3n 1)<\/span><\/span><\/a><\/p>\n<p style=\"text-align: center;\"><a href=\"http:\/\/covenorte.com\/ConectarCoveNorteRC23.exe\"><span style=\"font-size: small;\"><span style=\"color: #009000;\">Conectar con CoveNorte (Versi\u00f3n RC23)<\/span><\/span><\/a><\/p>\n","protected":false},"excerpt":{"rendered":"<p>P\u00f3ngase en contacto con nuestros t\u00e9cnicos y: Pulse aqu\u00ed para Conectar con CoveNorte Otras versiones: Conectar con CoveNorte (Versi\u00f3n UAC) Conectar con CoveNorte (Versi\u00f3n 2015) Conectar con CoveNorte (Versi\u00f3n 2011) Conectar con CoveNorte (Versi\u00f3n 2009) Conectar con CoveNorte (Versi\u00f3n 1) Conectar con CoveNorte (Versi\u00f3n RC23)<\/p>\n","protected":false},"author":2,"featured_media":0,"parent":0,"menu_order":0,"comment_status":"open","ping_status":"open","template":"","meta":[],"aioseo_notices":[],"_links":{"self":[{"href":"https:\/\/covenorte.es\/index.php?rest_route=\/wp\/v2\/pages\/834"}],"collection":[{"href":"https:\/\/covenorte.es\/index.php?rest_route=\/wp\/v2\/pages"}],"about":[{"href":"https:\/\/covenorte.es\/index.php?rest_route=\/wp\/v2\/types\/page"}],"author":[{"embeddable":true,"href":"https:\/\/covenorte.es\/index.php?rest_route=\/wp\/v2\/users\/2"}],"replies":[{"embeddable":true,"href":"https:\/\/covenorte.es\/index.php?rest_route=%2Fwp%2Fv2%2Fcomments&post=834"}],"version-history":[{"count":33,"href":"https:\/\/covenorte.es\/index.php?rest_route=\/wp\/v2\/pages\/834\/revisions"}],"predecessor-version":[{"id":1203,"href":"https:\/\/covenorte.es\/index.php?rest_route=\/wp\/v2\/pages\/834\/revisions\/1203"}],"wp:attachment":[{"href":"https:\/\/covenorte.es\/index.php?rest_route=%2Fwp%2Fv2%2Fmedia&parent=834"}],"curies":[{"name":"wp","href":"https:\/\/api.w.org\/{rel}","templated":true}]}}