{"id":83,"date":"2012-03-26T15:35:18","date_gmt":"2012-03-26T15:35:18","guid":{"rendered":"http:\/\/covenorte.es\/?page_id=83"},"modified":"2012-08-08T07:02:24","modified_gmt":"2012-08-08T07:02:24","slug":"localizacion","status":"publish","type":"page","link":"https:\/\/covenorte.es\/?page_id=83","title":{"rendered":"LOCALIZACION"},"content":{"rendered":"<p style=\"text-align: center;\"><span><strong>COVE NORTE S.A.<\/strong><br \/>\n<\/span>Muelle Tom\u00e1s Ol\u00e1barri 6-8 Bajo<br \/>\n(Entrada por Eduardo Coste 12, esquina con M\u00e1ximo Aguirre)<br \/>\n48930 &#8211; LAS ARENAS (Getxo) &#8211; VIZCAYA (ESPA\u00d1A)<br \/>\nTfno.: 94 464 30 66<br \/>\nFax: 94 463 62 14<\/p>\n<p><iframe loading=\"lazy\" src=\"http:\/\/maps.google.es\/maps?client=safari&amp;oe=UTF-8&amp;ie=UTF8&amp;q=COVE+NORTE&amp;fb=1&amp;gl=es&amp;hq=COVE+NORTE&amp;hnear=0xd49497dbe165b43:0x404f58273cb3770,Santander&amp;cid=0,0,3723431461993282546&amp;t=m&amp;iwloc=A&amp;ll=43.322093,-3.01323&amp;spn=0.006295,0.006295&amp;output=embed\" frameborder=\"0\" marginwidth=\"0\" marginheight=\"0\" scrolling=\"no\" width=\"670\" height=\"550\"><\/iframe><br \/>\n<small><a style=\"color: #0000ff; text-align: left;\" href=\"http:\/\/maps.google.es\/maps?client=safari&amp;oe=UTF-8&amp;ie=UTF8&amp;q=COVE+NORTE&amp;fb=1&amp;gl=es&amp;hq=COVE+NORTE&amp;hnear=0xd49497dbe165b43:0x404f58273cb3770,Santander&amp;cid=0,0,3723431461993282546&amp;t=m&amp;iwloc=A&amp;ll=43.322093,-3.01323&amp;spn=0.006295,0.006295&amp;source=embed\">Ver mapa m\u00e1s grande<\/a><\/small><\/p>\n","protected":false},"excerpt":{"rendered":"<p>COVE NORTE S.A. Muelle Tom\u00e1s Ol\u00e1barri 6-8 Bajo (Entrada por Eduardo Coste 12, esquina con M\u00e1ximo Aguirre) 48930 &#8211; LAS ARENAS (Getxo) &#8211; VIZCAYA (ESPA\u00d1A) Tfno.: 94 464 30 66 Fax: 94 463 62 14 Ver mapa m\u00e1s grande<\/p>\n","protected":false},"author":1,"featured_media":0,"parent":0,"menu_order":0,"comment_status":"closed","ping_status":"open","template":"","meta":[],"aioseo_notices":[],"_links":{"self":[{"href":"https:\/\/covenorte.es\/index.php?rest_route=\/wp\/v2\/pages\/83"}],"collection":[{"href":"https:\/\/covenorte.es\/index.php?rest_route=\/wp\/v2\/pages"}],"about":[{"href":"https:\/\/covenorte.es\/index.php?rest_route=\/wp\/v2\/types\/page"}],"author":[{"embeddable":true,"href":"https:\/\/covenorte.es\/index.php?rest_route=\/wp\/v2\/users\/1"}],"replies":[{"embeddable":true,"href":"https:\/\/covenorte.es\/index.php?rest_route=%2Fwp%2Fv2%2Fcomments&post=83"}],"version-history":[{"count":5,"href":"https:\/\/covenorte.es\/index.php?rest_route=\/wp\/v2\/pages\/83\/revisions"}],"predecessor-version":[{"id":719,"href":"https:\/\/covenorte.es\/index.php?rest_route=\/wp\/v2\/pages\/83\/revisions\/719"}],"wp:attachment":[{"href":"https:\/\/covenorte.es\/index.php?rest_route=%2Fwp%2Fv2%2Fmedia&parent=83"}],"curies":[{"name":"wp","href":"https:\/\/api.w.org\/{rel}","templated":true}]}}