{"id":7,"date":"2012-03-26T09:43:08","date_gmt":"2012-03-26T09:43:08","guid":{"rendered":"http:\/\/covenorte.es\/?page_id=7"},"modified":"2012-08-08T06:58:20","modified_gmt":"2012-08-08T06:58:20","slug":"servicios","status":"publish","type":"page","link":"https:\/\/covenorte.es\/?page_id=7","title":{"rendered":"SERVICIOS"},"content":{"rendered":"<p align=\"justify\"><strong><span style=\"font-size: small;\">SERVICIOS PROFESIONALES<\/span><\/strong><\/p>\n<p align=\"justify\"><span style=\"font-size: small;\">Le prestamos el\u00a0<strong><span style=\"color: #ff0000;\">asesoramiento<\/span><\/strong>\u00a0previo necesario para poder determinar la mejor soluci\u00f3n para su negocio, tanto en lo referente a la elecci\u00f3n del Hardware ( Terminales Punto de Venta, Terminales Port\u00e1tiles, Impresoras de Tickets \/ Facturas, Scanners, Impresoras C\u00f3digo de Barras, otros perif\u00e9ricos\u00a0 etc..) como en la definici\u00f3n del Software m\u00e1s adecuado para la especialidad de su negocio. Nuestro asesoramiento persigue que la escalabilidad futura quede garantizada, ofreci\u00e9ndole\u00a0 diferentes posibilidades y evaluando la manera en que el posible crecimiento empresarial, no se vea obstaculizado por las limitaciones de los procesos de informaci\u00f3n.<\/span><\/p>\n<p align=\"justify\"><a href=\"https:\/\/covenorte.es\/wp-content\/uploads\/2012\/03\/Captura-de-pantalla-2012-03-26-a-las-13.54.30.png\"><img loading=\"lazy\" class=\"alignnone size-full wp-image-66\" title=\"Captura de pantalla 2012-03-26 a las 13.54.30\" src=\"https:\/\/covenorte.es\/wp-content\/uploads\/2012\/03\/Captura-de-pantalla-2012-03-26-a-las-13.54.30.png\" alt=\"\" width=\"670\" height=\"304\" srcset=\"https:\/\/covenorte.es\/wp-content\/uploads\/2012\/03\/Captura-de-pantalla-2012-03-26-a-las-13.54.30.png 670w, https:\/\/covenorte.es\/wp-content\/uploads\/2012\/03\/Captura-de-pantalla-2012-03-26-a-las-13.54.30-300x136.png 300w\" sizes=\"(max-width: 670px) 100vw, 670px\" \/><\/a><\/p>\n<p align=\"justify\"><span style=\"font-size: small;\">La realizaci\u00f3n del proyecto la\u00a0<strong><span style=\"color: #ff0000;\">instalaci\u00f3n<\/span><\/strong>\u00a0y la\u00a0<strong><span style=\"color: #ff0000;\">formaci\u00f3n<\/span><\/strong>\u00a0requerida para el mismo, es parte de los servicios ofrecidos,\u00a0 propiciando un llave en mano , donde nos hacemos \u00fanicos responsables del correcto funcionamiento del mismo, as\u00ed como de su nivel \u00f3ptimo de explotaci\u00f3n. La formaci\u00f3n a los diferentes usuarios del sistema, se hace de forma exhaustiva, marcando como objetivo la correcta comprensi\u00f3n del funcionamiento del mismo.<\/span><\/p>\n<p align=\"justify\"><strong>SERVICIO DE ASISTENCIA T\u00c9CNICA<\/strong><\/p>\n<p align=\"justify\">El servicio-post venta que prestamos in-situ se compone de la cobertura para las aver\u00edas del Hardware que\u00a0 se haya convenido en el correspondiente contrato de mantenimiento ( \u00f3 contrato de garant\u00eda ) y el<span style=\"color: #ff0000;\">Help-Desk\u00a0<\/span>de asistencia a dudas o problemas, que surjan en las aplicaciones o a trav\u00e9s del\u00a0<span style=\"color: #ff0000;\">Control Remoto<\/span>\u00a0cuando la situaci\u00f3n lo requiera.<span style=\"color: #ff0000;\">\u00a0<\/span>En definitiva el compromiso es que nuestras instalaciones est\u00e9n en perfecto orden de funcionamiento y rendimiento.<\/p>\n","protected":false},"excerpt":{"rendered":"<p>SERVICIOS PROFESIONALES Le prestamos el\u00a0asesoramiento\u00a0previo necesario para poder determinar la mejor soluci\u00f3n para su negocio, tanto en lo referente a la elecci\u00f3n del Hardware ( Terminales Punto de Venta, Terminales Port\u00e1tiles, Impresoras de Tickets \/ Facturas, Scanners, Impresoras C\u00f3digo de Barras, otros perif\u00e9ricos\u00a0 etc..) como en la definici\u00f3n del Software m\u00e1s adecuado para la especialidad [&hellip;]<\/p>\n","protected":false},"author":1,"featured_media":0,"parent":0,"menu_order":0,"comment_status":"closed","ping_status":"open","template":"","meta":[],"aioseo_notices":[],"_links":{"self":[{"href":"https:\/\/covenorte.es\/index.php?rest_route=\/wp\/v2\/pages\/7"}],"collection":[{"href":"https:\/\/covenorte.es\/index.php?rest_route=\/wp\/v2\/pages"}],"about":[{"href":"https:\/\/covenorte.es\/index.php?rest_route=\/wp\/v2\/types\/page"}],"author":[{"embeddable":true,"href":"https:\/\/covenorte.es\/index.php?rest_route=\/wp\/v2\/users\/1"}],"replies":[{"embeddable":true,"href":"https:\/\/covenorte.es\/index.php?rest_route=%2Fwp%2Fv2%2Fcomments&post=7"}],"version-history":[{"count":5,"href":"https:\/\/covenorte.es\/index.php?rest_route=\/wp\/v2\/pages\/7\/revisions"}],"predecessor-version":[{"id":64,"href":"https:\/\/covenorte.es\/index.php?rest_route=\/wp\/v2\/pages\/7\/revisions\/64"}],"wp:attachment":[{"href":"https:\/\/covenorte.es\/index.php?rest_route=%2Fwp%2Fv2%2Fmedia&parent=7"}],"curies":[{"name":"wp","href":"https:\/\/api.w.org\/{rel}","templated":true}]}}