{"id":545,"date":"2012-06-26T07:29:55","date_gmt":"2012-06-26T07:29:55","guid":{"rendered":"http:\/\/covenorte.es\/?page_id=545"},"modified":"2012-06-26T08:00:12","modified_gmt":"2012-06-26T08:00:12","slug":"etiquetas-electronicas-en-gondola","status":"publish","type":"page","link":"https:\/\/covenorte.es\/?page_id=545","title":{"rendered":"ETIQUETAS ELECTR\u00d3NICAS EN G\u00d3NDOLA"},"content":{"rendered":"<p>&nbsp;<\/p>\n<p>Diferentes tama\u00f1os, formas y tipos de visualizaci\u00f3n: tenemos soluciones de etiquetas electr\u00f3nicas en g\u00f3ndolas para las diversas necesidades del mercado minorista.<\/p>\n<div>\n<p>Pricer ofrece dos tipos de etiquetas: gr\u00e1ficas y segmentadas. Ambas gamas presentan etiquetas electr\u00f3nicas est\u00e1ndar que se colocan al borde de la g\u00f3ndola. Tambi\u00e9n se ofrecen etiquetas espec\u00edficas, dise\u00f1adas para congeladores, ganchos peque\u00f1os y carteles de gran tama\u00f1o.<\/p>\n<p>Mucho m\u00e1s duraderas que el papel, las etiquetas funcionan con bater\u00edas de litio. Todas las etiquetas funcionan de manera conjunta en el mismo sistema y, a la vez, pueden combinarse a fin de satisfacer sus necesidades.<\/p>\n\r\r\n\t\t<div class=\"sktabbed\">\r\r\n                \r\r\n        \t<ul class=\"tabs\"><li>Etiquetas Continuum <\/li><li> Etiquetas DotMatrix <\/li><li> Etiquetas Personalizadas<\/li><\/ul><ul class=\"tabbed\"> <li><\/p>\n<p>Las etiquetas LCD basadas en segmentos ofrecen una soluci\u00f3n rentable para casos que requieren grandes vol\u00famenes. Adem\u00e1s\u00a0permiten brindar informaci\u00f3n clara y precisa en el borde de la g\u00f3ndola. Las pantallas est\u00e1n disponibles para diferentes regiones ($, \u20ac y otros s\u00edmbolos de divisas) con funciones de intermitencia y desplazamiento, y se presentan en una gran variedad de dise\u00f1os.<\/p>\n<p>Aptas para todas las tiendas en las que se necesitan grandes cantidades de etiquetas.<\/p>\n<p><strong><a href=\"https:\/\/covenorte.es\/wp-content\/uploads\/2012\/06\/Continuum-HCN.png\"><img loading=\"lazy\" class=\"alignleft  wp-image-549\" title=\"Continuum HCN\" src=\"https:\/\/covenorte.es\/wp-content\/uploads\/2012\/06\/Continuum-HCN.png\" alt=\"\" width=\"263\" height=\"166\" srcset=\"https:\/\/covenorte.es\/wp-content\/uploads\/2012\/06\/Continuum-HCN.png 439w, https:\/\/covenorte.es\/wp-content\/uploads\/2012\/06\/Continuum-HCN-300x188.png 300w\" sizes=\"(max-width: 263px) 100vw, 263px\" \/><\/a>Continuum HCN: 70 x 36.5 mm\u00a0<\/strong><br \/>\nModelo est\u00e1ndar, de tama\u00f1o mediano, para la mayor\u00eda de las tiendas minoristas.<\/p>\n<p>&nbsp;<\/p>\n<p>&nbsp;<\/p>\n<p><strong><a href=\"https:\/\/covenorte.es\/wp-content\/uploads\/2012\/06\/Continuum-HCW.png\"><img loading=\"lazy\" class=\"alignleft  wp-image-550\" title=\"Continuum HCW\" src=\"https:\/\/covenorte.es\/wp-content\/uploads\/2012\/06\/Continuum-HCW.png\" alt=\"\" width=\"263\" height=\"130\" srcset=\"https:\/\/covenorte.es\/wp-content\/uploads\/2012\/06\/Continuum-HCW.png 439w, https:\/\/covenorte.es\/wp-content\/uploads\/2012\/06\/Continuum-HCW-300x148.png 300w\" sizes=\"(max-width: 263px) 100vw, 263px\" \/><\/a>Continuum HCW:\u00a096 x 36.5 mm<\/strong><br \/>\nEtiquetas extra anchas para espacios m\u00e1s amplios y con m\u00e1s d\u00edgitos.<\/p>\n<p><strong><br \/>\n<\/strong><\/p>\n<p>&nbsp;<\/p>\n<p><strong><a href=\"https:\/\/covenorte.es\/wp-content\/uploads\/2012\/06\/Continuum-HCS.png\"><img loading=\"lazy\" class=\"alignleft  wp-image-552\" title=\"Continuum HCS\" src=\"https:\/\/covenorte.es\/wp-content\/uploads\/2012\/06\/Continuum-HCS.png\" alt=\"\" width=\"263\" height=\"182\" srcset=\"https:\/\/covenorte.es\/wp-content\/uploads\/2012\/06\/Continuum-HCS.png 439w, https:\/\/covenorte.es\/wp-content\/uploads\/2012\/06\/Continuum-HCS-300x207.png 300w\" sizes=\"(max-width: 263px) 100vw, 263px\" \/><\/a>Continuum HCS:\u00a048 x 36.5 mm<\/strong><\/p>\n<p><strong><\/strong>Etiquetas peque\u00f1as para espacios reducidos.<\/p>\n<p>&nbsp;<\/p>\n<p>&nbsp;<\/p>\n<p><strong><a href=\"https:\/\/covenorte.es\/wp-content\/uploads\/2012\/06\/Continuum-HM.png\"><img loading=\"lazy\" class=\"alignleft  wp-image-551\" title=\"Continuum HM\" src=\"https:\/\/covenorte.es\/wp-content\/uploads\/2012\/06\/Continuum-HM.png\" alt=\"\" width=\"265\" height=\"140\" srcset=\"https:\/\/covenorte.es\/wp-content\/uploads\/2012\/06\/Continuum-HM.png 442w, https:\/\/covenorte.es\/wp-content\/uploads\/2012\/06\/Continuum-HM-300x158.png 300w\" sizes=\"(max-width: 265px) 100vw, 265px\" \/><\/a>Continuum HM:\u00a092 x 49.2 mm<\/strong><br \/>\nEtiquetas \u2018maxi&#8217; altas para dos divisas o mostrar varios precios.<\/p>\n<p>&nbsp;<\/p>\n<p>&nbsp;<\/p>\n<p><\/li> <li><\/p>\n<p>Las etiquetas de precios digitales experimentaron una revoluci\u00f3n en la tecnolog\u00eda de la visualizaci\u00f3n. Dedido a que las pantallas est\u00e1n hechas de papel electr\u00f3nico verdadero, simplifican la lectura y le otorgan mayor libertad para exhibir el precio y la informaci\u00f3n del producto al borde de la g\u00f3ndola.<\/p>\n<div>\n<p><strong><img loading=\"lazy\" class=\"alignleft  wp-image-562\" title=\"DotMatrix DM200C\" src=\"https:\/\/covenorte.es\/wp-content\/uploads\/2012\/06\/DotMatrix-DM200C.png\" alt=\"\" width=\"145\" height=\"204\" srcset=\"https:\/\/covenorte.es\/wp-content\/uploads\/2012\/06\/DotMatrix-DM200C.png 242w, https:\/\/covenorte.es\/wp-content\/uploads\/2012\/06\/DotMatrix-DM200C-213x300.png 213w\" sizes=\"(max-width: 145px) 100vw, 145px\" \/><strong>DotMatrix DM200C<\/strong><\/strong><\/p>\n<p>Pantalla extra grande, de alto contraste<br \/>\n174 mm x 125 mm<br \/>\nModelos disponibles en blanco y negro y en colores.<\/p>\n<p>&nbsp;<\/p>\n<p>&nbsp;<\/p>\n<p><strong><a href=\"https:\/\/covenorte.es\/wp-content\/uploads\/2012\/06\/DotMatrix-DM110.png\"><img loading=\"lazy\" class=\"alignleft  wp-image-563\" title=\"DotMatrix DM110\" src=\"https:\/\/covenorte.es\/wp-content\/uploads\/2012\/06\/DotMatrix-DM110.png\" alt=\"\" width=\"231\" height=\"170\" srcset=\"https:\/\/covenorte.es\/wp-content\/uploads\/2012\/06\/DotMatrix-DM110.png 385w, https:\/\/covenorte.es\/wp-content\/uploads\/2012\/06\/DotMatrix-DM110-300x220.png 300w\" sizes=\"(max-width: 231px) 100vw, 231px\" \/><\/a>DotMatrix DM110<\/strong><br \/>\nSe adaptan mejor a su pantalla digital<br \/>\n80 mm x 124 mm<\/p>\n<p>&nbsp;<\/p>\n<p>&nbsp;<\/p>\n<p><strong><a href=\"https:\/\/covenorte.es\/wp-content\/uploads\/2012\/06\/DotMatrix-DM4292.png\"><img loading=\"lazy\" class=\"alignleft  wp-image-564\" title=\"DotMatrix DM4292\" src=\"https:\/\/covenorte.es\/wp-content\/uploads\/2012\/06\/DotMatrix-DM4292.png\" alt=\"\" width=\"221\" height=\"113\" srcset=\"https:\/\/covenorte.es\/wp-content\/uploads\/2012\/06\/DotMatrix-DM4292.png 408w, https:\/\/covenorte.es\/wp-content\/uploads\/2012\/06\/DotMatrix-DM4292-300x153.png 300w\" sizes=\"(max-width: 221px) 100vw, 221px\" \/><\/a>DotMatrix DM4292\u00a0<\/strong><br \/>\nMejor visualizaci\u00f3n en el borde de la g\u00f3ndola<br \/>\n42 mm x 92 mm<\/p>\n<p>&nbsp;<\/p>\n<p><strong><a href=\"https:\/\/covenorte.es\/wp-content\/uploads\/2012\/06\/DotMatrix-DM3370.png\"><img loading=\"lazy\" class=\"alignleft  wp-image-565\" title=\"DotMatrix DM3370\" src=\"https:\/\/covenorte.es\/wp-content\/uploads\/2012\/06\/DotMatrix-DM3370.png\" alt=\"\" width=\"234\" height=\"123\" srcset=\"https:\/\/covenorte.es\/wp-content\/uploads\/2012\/06\/DotMatrix-DM3370.png 433w, https:\/\/covenorte.es\/wp-content\/uploads\/2012\/06\/DotMatrix-DM3370-300x158.png 300w\" sizes=\"(max-width: 234px) 100vw, 234px\" \/><\/a>DotMatrix DM3370<\/strong><br \/>\nMejor visualizaci\u00f3n en el borde de la g\u00f3ndola<br \/>\n33 mm x 70 mm<\/p>\n<p>&nbsp;<\/p>\n<p>&nbsp;<\/p>\n<\/div>\n<p><\/li> <li><\/p>\n<p>Podemos satisfacer sus requisitos de etiquetas espec\u00edficas. Estos son algunos ejemplos de las etiquetas electr\u00f3nicas personalizadas que Pricer desarroll\u00f3 para clientes con necesidades espec\u00edficas:<\/p>\n<h3>Metro, Alemania<\/h3>\n<p><img loading=\"lazy\" src=\"http:\/\/pricer.com\/Global\/Labels%20in-store\/Customized_HCM_CC_01.jpg\" alt=\"Customized Metro label\" width=\"269\" height=\"179\" \/><\/p>\n<p>Bas\u00e1ndose en las necesidades espec\u00edficas de Metro (Alemania) como tienda mayorista o un Cash&amp;Carry, Pricer realiz\u00f3 una personalizaci\u00f3n especial de las etiquetas electr\u00f3nicas en g\u00f3ndola HM. Se cambiaron los campos para mostrar los diferentes precios as\u00ed como se resalt\u00f3 el secci\u00f3n que muestra s\u00ed el producto esta en promoci\u00f3n o no.<\/p>\n<h3>Ishida, Jap\u00f3n<\/h3>\n<p><img loading=\"lazy\" src=\"http:\/\/pricer.com\/Global\/Labels%20in-store\/Customized_Ishida%20pics%20239.jpg\" alt=\"Customized Ishida electronic shelf labels\" width=\"269\" height=\"182\" \/><\/p>\n<p>Las etiquetas gen\u00e9ricas Continuum EC Ishida son el resultado de una s\u00f3lida relaci\u00f3n entre Pricer e Ishida, que dio lugar a la creaci\u00f3n de una etiqueta personalizada especial.<\/p>\n<h3>E.Leclerc, Francia<\/h3>\n<p><img loading=\"lazy\" src=\"http:\/\/pricer.com\/Global\/Labels%20in-store\/Customized_Continuum_H25.jpg\" alt=\"Pricer Continuum customized electronic shelf label\" width=\"267\" height=\"182\" \/><\/p>\n<p>A fin de reforzar la identidad de la marca entre las tiendas E.Leclerc independientes, Pricer cre\u00f3 una etiqueta espec\u00edfica con el logotipo de cliente impreso en el frente.<\/p>\n<h3>Casino, Francia<\/h3>\n<p><img loading=\"lazy\" src=\"http:\/\/pricer.com\/Global\/Labels%20in-store\/Customized_HCN_02_Casino.jpg\" alt=\"Pricer customized electronic shelf label\" width=\"269\" height=\"178\" \/><\/p>\n<p>Pricer y el Grupo Casino dise\u00f1aron en conjunto etiquetas del tipo Continuum y DotMatrix con el ojo infrarrojo de color rojo.<\/p>\n<p>Otras personalizaciones de etiquetas \u00a0Pricer han sido desarrolladas para nuestros principales clientes, como son Carrefour, Foodstuffs y mercados geogr\u00e1ficos como el de Corea, Espa\u00f1a, etc.<\/p>\n<p><\/li> <\/ul><\/div>\n<a href=\"https:\/\/covenorte.es\/?page_id=13\" class=\"button-big big-red\"><span><\/span> Solicitar Informaci\u00f3n <em><\/em><\/a>\n<\/div>\n","protected":false},"excerpt":{"rendered":"<p>&nbsp; Diferentes tama\u00f1os, formas y tipos de visualizaci\u00f3n: tenemos soluciones de etiquetas electr\u00f3nicas en g\u00f3ndolas para las diversas necesidades del mercado minorista. Pricer ofrece dos tipos de etiquetas: gr\u00e1ficas y segmentadas. Ambas gamas presentan etiquetas electr\u00f3nicas est\u00e1ndar que se colocan al borde de la g\u00f3ndola. Tambi\u00e9n se ofrecen etiquetas espec\u00edficas, dise\u00f1adas para congeladores, ganchos peque\u00f1os [&hellip;]<\/p>\n","protected":false},"author":1,"featured_media":0,"parent":0,"menu_order":0,"comment_status":"open","ping_status":"open","template":"","meta":[],"aioseo_notices":[],"_links":{"self":[{"href":"https:\/\/covenorte.es\/index.php?rest_route=\/wp\/v2\/pages\/545"}],"collection":[{"href":"https:\/\/covenorte.es\/index.php?rest_route=\/wp\/v2\/pages"}],"about":[{"href":"https:\/\/covenorte.es\/index.php?rest_route=\/wp\/v2\/types\/page"}],"author":[{"embeddable":true,"href":"https:\/\/covenorte.es\/index.php?rest_route=\/wp\/v2\/users\/1"}],"replies":[{"embeddable":true,"href":"https:\/\/covenorte.es\/index.php?rest_route=%2Fwp%2Fv2%2Fcomments&post=545"}],"version-history":[{"count":21,"href":"https:\/\/covenorte.es\/index.php?rest_route=\/wp\/v2\/pages\/545\/revisions"}],"predecessor-version":[{"id":574,"href":"https:\/\/covenorte.es\/index.php?rest_route=\/wp\/v2\/pages\/545\/revisions\/574"}],"wp:attachment":[{"href":"https:\/\/covenorte.es\/index.php?rest_route=%2Fwp%2Fv2%2Fmedia&parent=545"}],"curies":[{"name":"wp","href":"https:\/\/api.w.org\/{rel}","templated":true}]}}