{"id":5,"date":"2012-03-26T09:42:59","date_gmt":"2012-03-26T09:42:59","guid":{"rendered":"http:\/\/covenorte.es\/?page_id=5"},"modified":"2013-05-20T16:03:59","modified_gmt":"2013-05-20T16:03:59","slug":"la-empresa","status":"publish","type":"page","link":"https:\/\/covenorte.es\/?page_id=5","title":{"rendered":"LA EMPRESA"},"content":{"rendered":"<p><strong>COVE NORTE S.A.\u00a0<\/strong>nace como una Empresa de Servicios, cuyo principal objetivo es la b\u00fasqueda de las mejores soluciones para el mercado de la Distribuci\u00f3n Comercial en sus diferentes sectores.<\/p>\n<table width=\"100%\" border=\"0\" cellspacing=\"0\" cellpadding=\"2\">\n<tbody>\n<tr>\n<td align=\"center\" bgcolor=\"#ff0000\" width=\"45%\">\n<h3 style=\"text-align: center;\"><span style=\"color: #ffffff;\">Nuestro Objetivo<\/span><\/h3>\n<\/td>\n<td rowspan=\"2\" align=\"center\" width=\"10%\"><\/td>\n<td align=\"center\" bgcolor=\"#ff0000\" width=\"45%\">\n<h3 style=\"text-align: center;\"><span style=\"color: #ffffff;\">Nuestro Compromiso<\/span><\/h3>\n<\/td>\n<\/tr>\n<tr>\n<td valign=\"top\" width=\"45%\">Acercar al Comercio Minorista todas las nuevas tecnolog\u00edas que aplicadas al tratamiento de la Informaci\u00f3n, faciliten y rentabilicen la Gesti\u00f3n del Negocio.<\/td>\n<td valign=\"top\" width=\"45%\">La exigencia de nuestros Clientes constituye nuestra mayor motivaci\u00f3n.<\/p>\n<blockquote><p><span>C<\/span>lientes<br \/>\n<span>E<\/span>xigentes<br \/>\n<span>S<\/span>atisfechos<\/p><\/blockquote>\n<\/td>\n<\/tr>\n<\/tbody>\n<\/table>\n<p>&nbsp;<\/p>\n<p><strong>NUESTRO MERCADO:<\/strong><\/p>\n<p><strong><\/strong><strong>1. COMERCIO<\/strong><\/p>\n<ul>\n<li><strong>HOSTELER\u00cdA<\/strong><\/li>\n<li><strong>ALIMENTACI\u00d3N<\/strong><\/li>\n<li><strong>COMERCIO ESPECIALIZADO<\/strong><\/li>\n<\/ul>\n<div><\/div>\n<div><\/div>\n<div><strong>2. INDUSTRIA<\/strong><\/div>\n<div><\/div>\n<div>\n<p>Nuestras soluciones se basan en :<\/p>\n<ul>\n<li><strong>HARDWARE<\/strong>\u00a0de m\u00e1xima calidad :<\/li>\n<li><strong>SOFTWARE<\/strong>\u00a0de reconocido prestigio en el mercado\u00a0con aplicaciones verticales para cada Sector<\/li>\n<li><strong>SERVICIOS<\/strong>\u00a0profesionales CONSULTORIA, INSTALACION, FORMACION<\/li>\n<\/ul>\n<\/div>\n","protected":false},"excerpt":{"rendered":"<p>COVE NORTE S.A.\u00a0nace como una Empresa de Servicios, cuyo principal objetivo es la b\u00fasqueda de las mejores soluciones para el mercado de la Distribuci\u00f3n Comercial en sus diferentes sectores. Nuestro Objetivo Nuestro Compromiso Acercar al Comercio Minorista todas las nuevas tecnolog\u00edas que aplicadas al tratamiento de la Informaci\u00f3n, faciliten y rentabilicen la Gesti\u00f3n del Negocio. [&hellip;]<\/p>\n","protected":false},"author":1,"featured_media":0,"parent":0,"menu_order":0,"comment_status":"closed","ping_status":"open","template":"","meta":[],"aioseo_notices":[],"_links":{"self":[{"href":"https:\/\/covenorte.es\/index.php?rest_route=\/wp\/v2\/pages\/5"}],"collection":[{"href":"https:\/\/covenorte.es\/index.php?rest_route=\/wp\/v2\/pages"}],"about":[{"href":"https:\/\/covenorte.es\/index.php?rest_route=\/wp\/v2\/types\/page"}],"author":[{"embeddable":true,"href":"https:\/\/covenorte.es\/index.php?rest_route=\/wp\/v2\/users\/1"}],"replies":[{"embeddable":true,"href":"https:\/\/covenorte.es\/index.php?rest_route=%2Fwp%2Fv2%2Fcomments&post=5"}],"version-history":[{"count":24,"href":"https:\/\/covenorte.es\/index.php?rest_route=\/wp\/v2\/pages\/5\/revisions"}],"predecessor-version":[{"id":89,"href":"https:\/\/covenorte.es\/index.php?rest_route=\/wp\/v2\/pages\/5\/revisions\/89"}],"wp:attachment":[{"href":"https:\/\/covenorte.es\/index.php?rest_route=%2Fwp%2Fv2%2Fmedia&parent=5"}],"curies":[{"name":"wp","href":"https:\/\/api.w.org\/{rel}","templated":true}]}}